{"id":67,"date":"2017-06-13T07:05:40","date_gmt":"2017-06-13T05:05:40","guid":{"rendered":"http:\/\/nello-huette.de\/?page_id=67"},"modified":"2026-01-24T10:27:40","modified_gmt":"2026-01-24T09:27:40","slug":"mitglied","status":"publish","type":"page","link":"https:\/\/nello-huette.de\/?page_id=67","title":{"rendered":"Mitglied werden"},"content":{"rendered":"<p><img loading=\"lazy\" decoding=\"async\" class=\"alignright wp-image-101\" src=\"http:\/\/nello-huette.de\/wp-content\/uploads\/2017\/06\/teaserbox_1649010.jpg-300x202.png\" alt=\"\" width=\"221\" height=\"146\" \/><\/p>\n<p><b><span style=\"font-family: Calibri;\"><span style=\"font-size: medium;\">Freizeitgestaltung der besonderen Art: \u201eH\u00fcttendienst\u201c<\/span><\/span><\/b><\/p>\n<p><strong>Der Mitgliedsantrag ist ganz unten auf der Seite, eine passive Mitgliedschaft ohne H\u00fcttendienst ist auch m\u00f6glich.<\/strong><\/p>\n<ul>\n<li><span style=\"font-family: Calibri;\"><span style=\"font-size: medium;\">Du willst Deine Freizeit aktiv gestalten<\/span><\/span><\/li>\n<li><span style=\"font-family: Calibri;\"><span style=\"font-size: medium;\">Du willst neue Freunde kennenlernen<\/span><\/span><\/li>\n<li><span style=\"font-family: Calibri;\"><span style=\"font-size: medium;\">Du besch\u00e4ftigst Dich gerne im Team<\/span><\/span><\/li>\n<li><span style=\"font-family: Calibri;\"><span style=\"font-size: medium;\">Du m\u00f6chtest mit Deinen Freunden das echte H\u00fcttenleben genie\u00dfen<\/span><\/span><\/li>\n<li><span style=\"font-family: Calibri;\"><span style=\"font-size: medium;\">Du kochst gerne<\/span><\/span><\/li>\n<li><span style=\"font-family: Calibri;\"><span style=\"font-size: medium;\">Du bist Kontaktfreudig <\/span><\/span><\/li>\n<li><span style=\"font-family: Calibri;\"><span style=\"font-size: medium;\">Du machst gerne ehrenamtliche Arbeit<\/span><\/span><\/li>\n<\/ul>\n<p><span style=\"font-family: Calibri;\"><span style=\"font-size: medium;\">Das alles findest Du bei uns!<\/span><\/span><\/p>\n<p><span style=\"font-family: Calibri;\"><span style=\"font-size: medium;\">Der Nello Club e. V. sucht noch ehrenamtliche Helfer, f\u00fcr die \u00dcbernahme (bzw. Mitarbeit) von ein bis zwei \u201eH\u00fcttendienste\u201c im Jahr! <\/span><\/span><\/p>\n<p><span style=\"font-family: Calibri;\"><span style=\"font-size: medium;\">Hier ein grober Ablauf eines normalen H\u00fcttendienstes auf der Nello H\u00fctte.<\/span><\/span><\/p>\n<p><span style=\"font-family: Calibri;\"><span style=\"font-size: medium;\">Samstags: <\/span><\/span><\/p>\n<ul>\n<li><span style=\"font-family: Calibri;\"><span style=\"font-size: medium;\">\u00dcbernahme des H\u00fcttenfahrzeuges<\/span><\/span><\/li>\n<li><span style=\"font-family: Calibri;\"><span style=\"font-size: medium;\">Abholen der frischen Lebensmittel (2 &#8211; 3 Stationen)<\/span><\/span><\/li>\n<li><span style=\"font-family: Calibri;\"><span style=\"font-size: medium;\">\u00dcbernahme und Vorbereitung der H\u00fctte<\/span><\/span><\/li>\n<li><span style=\"font-family: Calibri;\"><span style=\"font-size: medium;\">Kleine Inventur (Getr\u00e4nke und Lebensmittel) <\/span><\/span><\/li>\n<li><span style=\"font-family: Calibri;\"><span style=\"font-size: medium;\">Vorbereitungsarbeiten (K\u00fcche und Ausschank) <\/span><\/span><\/li>\n<li><span style=\"font-family: Calibri;\"><span style=\"font-size: medium;\">Gestaltung des H\u00fcttenabends f\u00fcr das \u201eHelferteam\u201c (\u00dcbernachtungsm\u00f6glichkeit f\u00fcr das Team vorhanden)(Die private Nutzung mit anschlie\u00dfender \u00dcbernachtung auf der H\u00fctte ist ausschlie\u00dflich Mitgliedern die H\u00fcttendienst leisten vorbehalten)<\/span><\/span><\/li>\n<\/ul>\n<p><span style=\"font-family: Calibri;\"><span style=\"font-size: medium;\">Sonntags:<\/span><\/span><\/p>\n<ul>\n<li><span style=\"font-family: Calibri;\"><span style=\"font-size: medium;\">Ab 9:00 Vorbereitung der Speisenangebote (Quark anmachen, Handk\u00e4se einlegen, Zwiebel schneiden usw., Geschirr und Gl\u00e4ser richten<\/span><\/span><\/li>\n<li><span style=\"font-family: Calibri;\"><span style=\"font-size: medium;\">Von 10:00 \u2013 17. 00 ist die H\u00fctte f\u00fcr die Wanderer ge\u00f6ffnet<\/span><\/span><\/li>\n<li><span style=\"font-family: Calibri;\"><span style=\"font-size: medium;\">Tagesessen und das allgemeine Tagesangebot kochen bzw. anrichten<\/span><\/span><\/li>\n<li><span style=\"font-family: Calibri;\"><span style=\"font-size: medium;\">Teller dekorieren<\/span><\/span><\/li>\n<li><span style=\"font-family: Calibri;\"><span style=\"font-size: medium;\">G\u00e4ste bewirten <\/span><\/span><\/li>\n<li><span style=\"font-family: Calibri;\"><span style=\"font-size: medium;\">Geschirr sp\u00fclen<\/span><\/span><\/li>\n<li><span style=\"font-family: Calibri;\"><span style=\"font-size: medium;\">Zwischen 16:00 und 17:00 kann normalerweise schon mit dem aufr\u00e4umen begonnen werden<\/span><\/span><\/li>\n<li><span style=\"font-family: Calibri;\"><span style=\"font-size: medium;\">Tagesabrechnung erstellen<\/span><\/span><\/li>\n<li><span style=\"font-family: Calibri;\"><span style=\"font-size: medium;\">K\u00fcche und Sp\u00fclmaschine reinigen (H\u00fctte und Toilettenanlagen werden von einem Vereinsmitglied \u00fcbernommen)<\/span><\/span><\/li>\n<li><span style=\"font-family: Calibri;\"><span style=\"font-size: medium;\">H\u00fctte abschlie\u00dfen (ca. 18:00 -19:00)<\/span><\/span><\/li>\n<\/ul>\n<p><span style=\"font-family: Calibri;\"><span style=\"font-size: medium;\">Interesse geweckt? Dann Bitte Mitgliedsantrag unten ausf\u00fcllen und absenden.<\/span><\/span><\/p>\n<p>Mitgliedsantrag bitte anklicken, ausf\u00fcllen und unterschreiben. Den unterschriebenen Mitgliedsantrag bitte senden an <a href=\"mailto:huettenwart@nello-ev.de\">huettenwart@nello-ev.de<\/a> oder per Post an: Birgit Dawo, Forststr. 44\u00a0 76756\/Bellheim<\/p>\n<h2><span style=\"color: #ff0000;\"><a href=\"https:\/\/nello-huette.de\/wp-content\/uploads\/Mitgliedsantrag-Sepa-Datenschutz-mit-Wappen.pdf\">Mitgliedsantrag<\/a><\/span><\/h2>\n<p>&nbsp;<\/p>\n<p>&nbsp;<\/p>\n","protected":false},"excerpt":{"rendered":"<p>Freizeitgestaltung der besonderen Art: \u201eH\u00fcttendienst\u201c Der Mitgliedsantrag ist ganz unten auf der Seite, eine passive Mitgliedschaft ohne H\u00fcttendienst ist auch m\u00f6glich. Du willst Deine Freizeit aktiv gestalten Du willst neue Freunde kennenlernen Du besch\u00e4ftigst Dich gerne im Team Du m\u00f6chtest mit Deinen Freunden das echte H\u00fcttenleben genie\u00dfen Du kochst gerne<\/p>\n","protected":false},"author":1,"featured_media":0,"parent":0,"menu_order":0,"comment_status":"closed","ping_status":"closed","template":"","meta":{"footnotes":""},"class_list":["post-67","page","type-page","status-publish","hentry"],"_links":{"self":[{"href":"https:\/\/nello-huette.de\/index.php?rest_route=\/wp\/v2\/pages\/67","targetHints":{"allow":["GET"]}}],"collection":[{"href":"https:\/\/nello-huette.de\/index.php?rest_route=\/wp\/v2\/pages"}],"about":[{"href":"https:\/\/nello-huette.de\/index.php?rest_route=\/wp\/v2\/types\/page"}],"author":[{"embeddable":true,"href":"https:\/\/nello-huette.de\/index.php?rest_route=\/wp\/v2\/users\/1"}],"replies":[{"embeddable":true,"href":"https:\/\/nello-huette.de\/index.php?rest_route=%2Fwp%2Fv2%2Fcomments&post=67"}],"version-history":[{"count":22,"href":"https:\/\/nello-huette.de\/index.php?rest_route=\/wp\/v2\/pages\/67\/revisions"}],"predecessor-version":[{"id":2158,"href":"https:\/\/nello-huette.de\/index.php?rest_route=\/wp\/v2\/pages\/67\/revisions\/2158"}],"wp:attachment":[{"href":"https:\/\/nello-huette.de\/index.php?rest_route=%2Fwp%2Fv2%2Fmedia&parent=67"}],"curies":[{"name":"wp","href":"https:\/\/api.w.org\/{rel}","templated":true}]}}