{"id":26,"date":"2017-03-31T17:53:23","date_gmt":"2017-03-31T15:53:23","guid":{"rendered":"http:\/\/nello-huette.de\/?page_id=26"},"modified":"2026-05-05T21:24:26","modified_gmt":"2026-05-05T19:24:26","slug":"willkommen-auf-der-nello-huette","status":"publish","type":"page","link":"https:\/\/nello-huette.de\/","title":{"rendered":"Willkommen"},"content":{"rendered":"<h2><span style=\"color: #0000ff;\">Am Sonntag, 10.05 von 10:00 &#8211; 17:00 Uhr ge\u00f6ffnet.<\/span><\/h2>\n<h2><span style=\"color: #0000ff;\">Das Team &#8222;Qualmende Socken&#8220; freut sich auf euren Besuch.<\/span><\/h2>\n<h2>Zus\u00e4tzliche Tagesessen des H\u00fcttendienstteams:<\/h2>\n<h2>Tiroler Bauernsalat mit Kartoffeln, Speck und Ei<\/h2>\n<h2>Waffeln mit frischen Pf\u00e4lzer Erdbeeren und Sahne<\/h2>\n<h3>Die Waffeln mit Erdbeeren und Sahne gibt es auch glutenfrei!<\/h3>\n<h2><span style=\"color: #ff0000;\">Live-Musik von Eva Vester.<\/span><\/h2>\n<p><a href=\"https:\/\/nello-huette.de\/?attachment_id=2230\" rel=\"attachment wp-att-2230\"><img loading=\"lazy\" decoding=\"async\" class=\"alignnone size-full wp-image-2230\" src=\"https:\/\/nello-huette.de\/wp-content\/uploads\/Nello10052026.png\" alt=\"\" width=\"940\" height=\"788\" srcset=\"https:\/\/nello-huette.de\/wp-content\/uploads\/Nello10052026.png 940w, https:\/\/nello-huette.de\/wp-content\/uploads\/Nello10052026-300x251.png 300w, https:\/\/nello-huette.de\/wp-content\/uploads\/Nello10052026-768x644.png 768w\" sizes=\"auto, (max-width: 940px) 100vw, 940px\" \/><\/a><\/p>\n<p>&nbsp;<\/p>\n<p>&nbsp;<\/p>\n<p>&nbsp;<\/p>\n<p>&nbsp;<\/p>\n<h3>Weitere \u00d6ffnungstage im Mai:<\/h3>\n<p><a href=\"https:\/\/nello-huette.de\/?attachment_id=2222\" rel=\"attachment wp-att-2222\"><img loading=\"lazy\" decoding=\"async\" class=\"alignnone size-full wp-image-2222\" src=\"https:\/\/nello-huette.de\/wp-content\/uploads\/Mai-Juni-Oeffnungen.jpg\" alt=\"\" width=\"649\" height=\"914\" srcset=\"https:\/\/nello-huette.de\/wp-content\/uploads\/Mai-Juni-Oeffnungen.jpg 649w, https:\/\/nello-huette.de\/wp-content\/uploads\/Mai-Juni-Oeffnungen-213x300.jpg 213w\" sizes=\"auto, (max-width: 649px) 100vw, 649px\" \/><\/a><\/p>\n<h2>Am 14.05 Chr. Himmelfahrt\/Vatertag wie immer mit Rockmusik.<\/h2>\n<h2>Wir spielen die alten Klassiker von AC\/DC bis ZZ Top. Keine Live-Musik!<\/h2>\n<p>&nbsp;<\/p>\n<h2>Pfingstmontag: Livemusik mit den Wasgau-Musikanten aus Busenberg<\/h2>\n<p>&nbsp;<\/p>\n<p>&nbsp;<\/p>\n<h2><\/h2>\n<hr \/>\n<p>&nbsp;<\/p>\n<hr \/>\n<p>&nbsp;<\/p>\n<h2><span style=\"color: #000000;\">Der ehrenamtliche H\u00fcttendienst freut sich auf euren Besuch<\/span><\/h2>\n<p>&nbsp;<\/p>\n<h2><strong style=\"font-size: 1.0625rem;\">Die Vereinsh\u00fctte des Wanderclub \u201eNello e.V\u201c, Landau\/Pfalz liegt auf 398 m H\u00f6he im wundersch\u00f6nen Pf\u00e4lzer Wald, gut zu erreichen vom Wanderparkplatz am Modenbachtal (K 58 bzw. L 506).\u00a0<\/strong><\/h2>\n<p>Die Nelloh\u00fctte ist die Wanderh\u00fctte des eigenst\u00e4ndigen Wanderklubs Nello e.V. Die Bewirtschaftung erfolgt durch eigene Vereinsmitglieder im Ehrenamt.<\/p>\n<p>Die H\u00fctte besteht aus dem gemauerten Hauptgeb\u00e4ude mit dem Eingang an der \u00f6stlichen Giebelseite. Das wird erg\u00e4nzt durch etliche Nebengeb\u00e4ude f\u00fcr Versorgung, Toiletten usw. Die Gaststube ist mit Selbstbedienungstheke und etlichen Tischen und St\u00fchlen solide eingerichtet. Man ist auch dann gut untergebracht, wenn das Wetter einen Aufenthalt im Freien nicht erlaubt. Die Au\u00dfenfl\u00e4chen sind mit stabilen Holztischen und B\u00e4nken ausgestattet, die auf mehreren Terrassenebenen s\u00fcdlich und \u00f6stlich des Haupthauses stehen. Erg\u00e4nzt ist die Anlage mit einigen \u00fcberdachten Pl\u00e4tzen sowie mit Kinderspielger\u00e4ten. Die Anlage steht mitten im geschlossenen Wald an einem s\u00fcdseitig geneigten Hang.<\/p>\n","protected":false},"excerpt":{"rendered":"<p>Am Sonntag, 10.05 von 10:00 &#8211; 17:00 Uhr ge\u00f6ffnet. Das Team &#8222;Qualmende Socken&#8220; freut sich auf euren Besuch. Zus\u00e4tzliche Tagesessen des H\u00fcttendienstteams: Tiroler Bauernsalat mit Kartoffeln, Speck und Ei Waffeln mit frischen Pf\u00e4lzer Erdbeeren und Sahne Die Waffeln mit Erdbeeren und Sahne gibt es auch glutenfrei! Live-Musik von Eva Vester.<\/p>\n","protected":false},"author":1,"featured_media":0,"parent":0,"menu_order":0,"comment_status":"closed","ping_status":"closed","template":"","meta":{"footnotes":""},"class_list":["post-26","page","type-page","status-publish","hentry"],"_links":{"self":[{"href":"https:\/\/nello-huette.de\/index.php?rest_route=\/wp\/v2\/pages\/26","targetHints":{"allow":["GET"]}}],"collection":[{"href":"https:\/\/nello-huette.de\/index.php?rest_route=\/wp\/v2\/pages"}],"about":[{"href":"https:\/\/nello-huette.de\/index.php?rest_route=\/wp\/v2\/types\/page"}],"author":[{"embeddable":true,"href":"https:\/\/nello-huette.de\/index.php?rest_route=\/wp\/v2\/users\/1"}],"replies":[{"embeddable":true,"href":"https:\/\/nello-huette.de\/index.php?rest_route=%2Fwp%2Fv2%2Fcomments&post=26"}],"version-history":[{"count":615,"href":"https:\/\/nello-huette.de\/index.php?rest_route=\/wp\/v2\/pages\/26\/revisions"}],"predecessor-version":[{"id":2231,"href":"https:\/\/nello-huette.de\/index.php?rest_route=\/wp\/v2\/pages\/26\/revisions\/2231"}],"wp:attachment":[{"href":"https:\/\/nello-huette.de\/index.php?rest_route=%2Fwp%2Fv2%2Fmedia&parent=26"}],"curies":[{"name":"wp","href":"https:\/\/api.w.org\/{rel}","templated":true}]}}