{"id":123,"date":"2017-06-22T15:37:39","date_gmt":"2017-06-22T13:37:39","guid":{"rendered":"http:\/\/nello-huette.de\/?page_id=123"},"modified":"2026-05-05T21:13:49","modified_gmt":"2026-05-05T19:13:49","slug":"offnungszeiten","status":"publish","type":"page","link":"https:\/\/nello-huette.de\/?page_id=123","title":{"rendered":"\u00d6ffnungszeiten"},"content":{"rendered":"<h2>Am kommenden Sonntag 10.05 von 10:00 &#8211; 17:00 Uhr ge\u00f6ffnet.<\/h2>\n<h2>Weitere Info auf der Startseite<\/h2>\n<h2>Kommende \u00d6ffnungen siehe H\u00fcttendienstplan<\/h2>\n<h2><\/h2>\n<p>&nbsp;<\/p>\n<p>&nbsp;<\/p>\n<p>&nbsp;<\/p>\n<p>Die Nello H\u00fctte wird durch die Vereinsmitglieder <strong>von Februar bis Dezember<\/strong> an Sonn- und Feiertagen ehrenamtlich bewirtschaftet. Zus\u00e4tzliche Sonder\u00f6ffnungszeiten nach Ausschreibung m\u00f6glich.<\/p>\n<p><strong>Regul\u00e4re \u00d6ffnungszeiten:\u00a0<\/strong><strong>Sonn- und Feiertage\u00a0<\/strong><strong>10:00 Uhr &#8211; 17:00 Uhr<\/strong><\/p>\n","protected":false},"excerpt":{"rendered":"<p>Am kommenden Sonntag 10.05 von 10:00 &#8211; 17:00 Uhr ge\u00f6ffnet. Weitere Info auf der Startseite Kommende \u00d6ffnungen siehe H\u00fcttendienstplan &nbsp; &nbsp; &nbsp; Die Nello H\u00fctte wird durch die Vereinsmitglieder von Februar bis Dezember an Sonn- und Feiertagen ehrenamtlich bewirtschaftet. Zus\u00e4tzliche Sonder\u00f6ffnungszeiten nach Ausschreibung m\u00f6glich. Regul\u00e4re \u00d6ffnungszeiten:\u00a0Sonn- und Feiertage\u00a010:00 Uhr &#8211;<\/p>\n","protected":false},"author":1,"featured_media":0,"parent":0,"menu_order":0,"comment_status":"closed","ping_status":"closed","template":"","meta":{"footnotes":""},"class_list":["post-123","page","type-page","status-publish","hentry"],"_links":{"self":[{"href":"https:\/\/nello-huette.de\/index.php?rest_route=\/wp\/v2\/pages\/123","targetHints":{"allow":["GET"]}}],"collection":[{"href":"https:\/\/nello-huette.de\/index.php?rest_route=\/wp\/v2\/pages"}],"about":[{"href":"https:\/\/nello-huette.de\/index.php?rest_route=\/wp\/v2\/types\/page"}],"author":[{"embeddable":true,"href":"https:\/\/nello-huette.de\/index.php?rest_route=\/wp\/v2\/users\/1"}],"replies":[{"embeddable":true,"href":"https:\/\/nello-huette.de\/index.php?rest_route=%2Fwp%2Fv2%2Fcomments&post=123"}],"version-history":[{"count":294,"href":"https:\/\/nello-huette.de\/index.php?rest_route=\/wp\/v2\/pages\/123\/revisions"}],"predecessor-version":[{"id":2227,"href":"https:\/\/nello-huette.de\/index.php?rest_route=\/wp\/v2\/pages\/123\/revisions\/2227"}],"wp:attachment":[{"href":"https:\/\/nello-huette.de\/index.php?rest_route=%2Fwp%2Fv2%2Fmedia&parent=123"}],"curies":[{"name":"wp","href":"https:\/\/api.w.org\/{rel}","templated":true}]}}