{"id":1085,"date":"2020-12-19T20:07:11","date_gmt":"2020-12-19T19:07:11","guid":{"rendered":"https:\/\/nello-huette.de\/?page_id=1085"},"modified":"2025-11-19T15:48:22","modified_gmt":"2025-11-19T14:48:22","slug":"nikolaus","status":"publish","type":"page","link":"https:\/\/nello-huette.de\/?page_id=1085","title":{"rendered":"Nikolaus"},"content":{"rendered":"<hr \/>\n<h2><span style=\"color: #ff0000;\"><b>Der Nikolaus kommt auf die Nelloh\u00fctte<\/b><\/span><\/h2>\n<h4>Keine Anmeldung mehr m\u00f6glich<\/h4>\n<p>&nbsp;<\/p>\n<h2><span style=\"color: #000000;\">Termin: 07.12.2025<\/span><\/h2>\n<h4>Der Nikolaus besucht auch in diesem Jahr wieder die Nelloh\u00fctte und hat Geschenkt\u00fcten f\u00fcr die angemeldeten Kinder bis 12 Jahre dabei.<\/h4>\n<h4>Der Unkostenbeitrag von 8 Euro je Kind ist vor Ort auf der H\u00fctte zu entrichten.<\/h4>\n<h4>Der Nikolaus wird gegen 13:00 Uhr auf der H\u00fctte erwartet.<\/h4>\n<h4>Der Nikolaus empf\u00e4ngt die Kinder im Au\u00dfenbereich der H\u00fctte, unabh\u00e4ngig vom Wetter.<\/h4>\n<h4>Bitte die Kinder mit entsprechender Bekleidung versorgen. Eine \u00dcberdachung ist vorhanden.<\/h4>\n<h4><span style=\"color: #ff0000;\">Keine Anmeldung mehr m\u00f6glich !<\/span><\/h4>\n<h4><\/h4>\n<p>&nbsp;<\/p>\n<p>&nbsp;<\/p>\n<p><a href=\"https:\/\/nello-huette.de\/wp-content\/uploads\/2018\/01\/IMG-20171210-WA0024.jpg\"><img loading=\"lazy\" decoding=\"async\" class=\"alignnone wp-image-239\" src=\"https:\/\/nello-huette.de\/wp-content\/uploads\/2018\/01\/IMG-20171210-WA0024-300x169.jpg\" alt=\"\" width=\"462\" height=\"260\" srcset=\"https:\/\/nello-huette.de\/wp-content\/uploads\/2018\/01\/IMG-20171210-WA0024-300x169.jpg 300w, https:\/\/nello-huette.de\/wp-content\/uploads\/2018\/01\/IMG-20171210-WA0024-768x432.jpg 768w, https:\/\/nello-huette.de\/wp-content\/uploads\/2018\/01\/IMG-20171210-WA0024-1024x576.jpg 1024w, https:\/\/nello-huette.de\/wp-content\/uploads\/2018\/01\/IMG-20171210-WA0024-900x506.jpg 900w, https:\/\/nello-huette.de\/wp-content\/uploads\/2018\/01\/IMG-20171210-WA0024.jpg 1280w\" sizes=\"auto, (max-width: 462px) 100vw, 462px\" \/><\/a><\/p>\n<h2><\/h2>\n","protected":false},"excerpt":{"rendered":"<p>Der Nikolaus kommt auf die Nelloh\u00fctte Keine Anmeldung mehr m\u00f6glich &nbsp; Termin: 07.12.2025 Der Nikolaus besucht auch in diesem Jahr wieder die Nelloh\u00fctte und hat Geschenkt\u00fcten f\u00fcr die angemeldeten Kinder bis 12 Jahre dabei. Der Unkostenbeitrag von 8 Euro je Kind ist vor Ort auf der H\u00fctte zu entrichten. Der<\/p>\n","protected":false},"author":1,"featured_media":0,"parent":0,"menu_order":0,"comment_status":"closed","ping_status":"closed","template":"","meta":{"footnotes":""},"class_list":["post-1085","page","type-page","status-publish","hentry"],"_links":{"self":[{"href":"https:\/\/nello-huette.de\/index.php?rest_route=\/wp\/v2\/pages\/1085","targetHints":{"allow":["GET"]}}],"collection":[{"href":"https:\/\/nello-huette.de\/index.php?rest_route=\/wp\/v2\/pages"}],"about":[{"href":"https:\/\/nello-huette.de\/index.php?rest_route=\/wp\/v2\/types\/page"}],"author":[{"embeddable":true,"href":"https:\/\/nello-huette.de\/index.php?rest_route=\/wp\/v2\/users\/1"}],"replies":[{"embeddable":true,"href":"https:\/\/nello-huette.de\/index.php?rest_route=%2Fwp%2Fv2%2Fcomments&post=1085"}],"version-history":[{"count":35,"href":"https:\/\/nello-huette.de\/index.php?rest_route=\/wp\/v2\/pages\/1085\/revisions"}],"predecessor-version":[{"id":2144,"href":"https:\/\/nello-huette.de\/index.php?rest_route=\/wp\/v2\/pages\/1085\/revisions\/2144"}],"wp:attachment":[{"href":"https:\/\/nello-huette.de\/index.php?rest_route=%2Fwp%2Fv2%2Fmedia&parent=1085"}],"curies":[{"name":"wp","href":"https:\/\/api.w.org\/{rel}","templated":true}]}}